{"id":38,"date":"2021-03-26T21:48:20","date_gmt":"2021-03-26T21:48:20","guid":{"rendered":"https:\/\/www.hasleung.no\/?page_id=2"},"modified":"2025-06-15T14:43:15","modified_gmt":"2025-06-15T14:43:15","slug":"dirigent","status":"publish","type":"page","link":"https:\/\/ung.haslebrass.no\/?page_id=38","title":{"rendered":"Dirigent &#8211; Thomas Tengelsen"},"content":{"rendered":"\n<p>Thomas Tengelsen er en althornist, musikkviter, dirigent og arrang\u00f8r som har vokst opp p\u00e5 Hasle i Oslo. Han har studert ved Owen Farr p\u00e5 The Royal Northern College of Music (RNCM) i Manchester, England, og har spilt med flere av de beste brassbandene i Norge, England og Sverige. Thomas har ogs\u00e5 tatt med althornet ut av brassbevegelsen og brukt det b\u00e5de i jazz, pop og indie. To av albumene han har spilt althorn p\u00e5 er bel\u00f8nnet med Spellemannpris.<\/p>\n\n\n\n<div class=\"wp-block-cover\"><img loading=\"lazy\" decoding=\"async\" width=\"895\" height=\"1024\" class=\"wp-block-cover__image-background wp-image-239\" alt=\"\" src=\"https:\/\/ung.haslebrass.no\/wp-content\/uploads\/2025\/06\/thomastengelsen-895x1024.png\" data-object-fit=\"cover\" srcset=\"https:\/\/ung.haslebrass.no\/wp-content\/uploads\/2025\/06\/thomastengelsen-895x1024.png 895w, https:\/\/ung.haslebrass.no\/wp-content\/uploads\/2025\/06\/thomastengelsen-262x300.png 262w, https:\/\/ung.haslebrass.no\/wp-content\/uploads\/2025\/06\/thomastengelsen-768x879.png 768w, https:\/\/ung.haslebrass.no\/wp-content\/uploads\/2025\/06\/thomastengelsen.png 1000w\" sizes=\"auto, (max-width: 895px) 100vw, 895px\" \/><span aria-hidden=\"true\" class=\"wp-block-cover__background has-background-dim\"><\/span><div class=\"wp-block-cover__inner-container is-layout-flow wp-block-cover-is-layout-flow\">\n<p class=\"has-text-align-center has-large-font-size\"><\/p>\n<\/div><\/div>\n\n\n\n<p><\/p>\n\n\n\n<p class=\"has-text-align-center\"><a href=\"https:\/\/ung.haslebrass.no\/?page_id=64\" data-type=\"page\" data-id=\"64\">Meld deg p\u00e5 Hasle Ung Brass her!<\/a><\/p>\n\n\n\n<p><\/p>\n","protected":false},"excerpt":{"rendered":"<p>Thomas Tengelsen er en althornist, musikkviter, dirigent og arrang\u00f8r som har vokst opp p\u00e5 Hasle i Oslo. Han har studert ved Owen Farr p\u00e5 The Royal Northern College of Music (RNCM) i Manchester, England, og har spilt med flere av de beste brassbandene i Norge, England og Sverige. Thomas har [&hellip;]<\/p>\n","protected":false},"author":2,"featured_media":0,"parent":0,"menu_order":0,"comment_status":"closed","ping_status":"closed","template":"","meta":{"footnotes":""},"class_list":["post-38","page","type-page","status-publish","hentry"],"_links":{"self":[{"href":"https:\/\/ung.haslebrass.no\/index.php?rest_route=\/wp\/v2\/pages\/38","targetHints":{"allow":["GET"]}}],"collection":[{"href":"https:\/\/ung.haslebrass.no\/index.php?rest_route=\/wp\/v2\/pages"}],"about":[{"href":"https:\/\/ung.haslebrass.no\/index.php?rest_route=\/wp\/v2\/types\/page"}],"author":[{"embeddable":true,"href":"https:\/\/ung.haslebrass.no\/index.php?rest_route=\/wp\/v2\/users\/2"}],"replies":[{"embeddable":true,"href":"https:\/\/ung.haslebrass.no\/index.php?rest_route=%2Fwp%2Fv2%2Fcomments&post=38"}],"version-history":[{"count":12,"href":"https:\/\/ung.haslebrass.no\/index.php?rest_route=\/wp\/v2\/pages\/38\/revisions"}],"predecessor-version":[{"id":247,"href":"https:\/\/ung.haslebrass.no\/index.php?rest_route=\/wp\/v2\/pages\/38\/revisions\/247"}],"wp:attachment":[{"href":"https:\/\/ung.haslebrass.no\/index.php?rest_route=%2Fwp%2Fv2%2Fmedia&parent=38"}],"curies":[{"name":"wp","href":"https:\/\/api.w.org\/{rel}","templated":true}]}}