{"id":64,"date":"2021-04-03T17:29:19","date_gmt":"2021-04-03T17:29:19","guid":{"rendered":"https:\/\/www.hasleung.no\/?page_id=64"},"modified":"2023-08-30T17:10:17","modified_gmt":"2023-08-30T17:10:17","slug":"pamelding","status":"publish","type":"page","link":"https:\/\/ung.haslebrass.no\/?page_id=64","title":{"rendered":"P\u00e5melding"},"content":{"rendered":"\n<div class=\"wp-block-themeisle-blocks-advanced-columns has-1-columns has-desktop-equal-layout has-tablet-equal-layout has-mobile-equal-layout has-nogap-gap has-vertical-flex-start\" id=\"wp-block-themeisle-blocks-advanced-columns-58bb863d\"><div class=\"wp-block-themeisle-blocks-advanced-columns-overlay\"><\/div><div class=\"innerblocks-wrap\">\n<div class=\"wp-block-themeisle-blocks-advanced-column\" id=\"wp-block-themeisle-blocks-advanced-column-1937eb5d\">\n<div class=\"wp-block-columns has-white-color has-text-color is-layout-flex wp-container-core-columns-is-layout-9d6595d7 wp-block-columns-is-layout-flex\">\n<div class=\"wp-block-column is-layout-flow wp-block-column-is-layout-flow\" style=\"flex-basis:100%\">\n<div class=\"wp-block-group\"><div class=\"wp-block-group__inner-container is-layout-flow wp-block-group-is-layout-flow\">\n<div class=\"wp-block-columns has-black-color has-text-color is-layout-flex wp-container-core-columns-is-layout-9d6595d7 wp-block-columns-is-layout-flex\">\n<div class=\"wp-block-column is-layout-flow wp-block-column-is-layout-flow\" style=\"flex-basis:100%\">\n<div class=\"wp-block-group\"><div class=\"wp-block-group__inner-container is-layout-flow wp-block-group-is-layout-flow\"><div class=\"wpforms-container wpforms-container-full\" id=\"wpforms-126\"><form id=\"wpforms-form-126\" class=\"wpforms-validate wpforms-form\" data-formid=\"126\" method=\"post\" enctype=\"multipart\/form-data\" action=\"\/index.php?rest_route=%2Fwp%2Fv2%2Fpages%2F64\" data-token=\"bddfe924c7dcf6516327b9f14df72678\"><noscript class=\"wpforms-error-noscript\">Please enable JavaScript in your browser to complete this form.<\/noscript><div class=\"wpforms-field-container\"><div id=\"wpforms-126-field_2-container\" class=\"wpforms-field wpforms-field-name\" data-field-id=\"2\"><label class=\"wpforms-field-label\" for=\"wpforms-126-field_2\">Navn <span class=\"wpforms-required-label\">*<\/span><\/label><div class=\"wpforms-field-row wpforms-field-medium\"><div class=\"wpforms-field-row-block wpforms-first wpforms-one-half\"><input type=\"text\" id=\"wpforms-126-field_2\" class=\"wpforms-field-name-first wpforms-field-required\" name=\"wpforms[fields][2][first]\" required><label for=\"wpforms-126-field_2\" class=\"wpforms-field-sublabel after \">First<\/label><\/div><div class=\"wpforms-field-row-block wpforms-one-half\"><input type=\"text\" id=\"wpforms-126-field_2-last\" class=\"wpforms-field-name-last wpforms-field-required\" name=\"wpforms[fields][2][last]\" required><label for=\"wpforms-126-field_2-last\" class=\"wpforms-field-sublabel after \">Last<\/label><\/div><\/div><\/div><div id=\"wpforms-126-field_4-container\" class=\"wpforms-field wpforms-field-email\" data-field-id=\"4\"><label class=\"wpforms-field-label\" for=\"wpforms-126-field_4\">E-post <span class=\"wpforms-required-label\">*<\/span><\/label><input type=\"email\" id=\"wpforms-126-field_4\" class=\"wpforms-field-medium wpforms-field-required\" name=\"wpforms[fields][4]\" required><\/div><div id=\"wpforms-126-field_15-container\" class=\"wpforms-field wpforms-field-text\" data-field-id=\"15\"><label class=\"wpforms-field-label\" for=\"wpforms-126-field_15\">Telefonnummer <span class=\"wpforms-required-label\">*<\/span><\/label><input type=\"text\" id=\"wpforms-126-field_15\" class=\"wpforms-field-medium wpforms-field-required\" name=\"wpforms[fields][15]\" required><\/div><div id=\"wpforms-126-field_17-container\" class=\"wpforms-field wpforms-field-number\" data-field-id=\"17\"><label class=\"wpforms-field-label\" for=\"wpforms-126-field_17\">F\u00f8dsels\u00e5r<\/label><input type=\"number\" pattern=\"\\d*\" id=\"wpforms-126-field_17\" class=\"wpforms-field-medium\" name=\"wpforms[fields][17]\" ><\/div><div id=\"wpforms-126-field_3-container\" class=\"wpforms-field wpforms-field-text\" data-field-id=\"3\"><label class=\"wpforms-field-label\" for=\"wpforms-126-field_3\">Skolekorps <span class=\"wpforms-required-label\">*<\/span><\/label><input type=\"text\" id=\"wpforms-126-field_3\" class=\"wpforms-field-medium wpforms-field-required\" name=\"wpforms[fields][3]\" required><\/div><div id=\"wpforms-126-field_11-container\" class=\"wpforms-field wpforms-field-text\" data-field-id=\"11\"><label class=\"wpforms-field-label\" for=\"wpforms-126-field_11\">Instrukt\u00f8r<\/label><input type=\"text\" id=\"wpforms-126-field_11\" class=\"wpforms-field-medium\" name=\"wpforms[fields][11]\" ><\/div><div id=\"wpforms-126-field_9-container\" class=\"wpforms-field wpforms-field-select wpforms-field-select-style-modern\" data-field-id=\"9\"><label class=\"wpforms-field-label\" for=\"wpforms-126-field_9\">Instrument  <span class=\"wpforms-required-label\">*<\/span><\/label><select id=\"wpforms-126-field_9\" class=\"wpforms-field-medium wpforms-field-required choicesjs-select\" data-size-class=\"wpforms-field-row wpforms-field-medium\" data-search-enabled=\"1\" name=\"wpforms[fields][9][]\" required=\"required\" multiple=\"multiple\"><option value=\"\" class=\"placeholder\" disabled >Kornett \/ Trompet<\/option><option value=\"Kornett \/ Trompet\" >Kornett \/ Trompet<\/option><option value=\"Althorn\" >Althorn<\/option><option value=\"Trombone\" >Trombone<\/option><option value=\"Basstrombone\" >Basstrombone<\/option><option value=\"Baryton\" >Baryton<\/option><option value=\"Euphonium\" >Euphonium<\/option><option value=\"Tuba\" >Tuba<\/option><option value=\"Slagverk, Melodisk\" >Slagverk, Melodisk<\/option><option value=\"Slagverk, Rytmisk\" >Slagverk, Rytmisk<\/option><\/select><\/div><div id=\"wpforms-126-field_10-container\" class=\"wpforms-field wpforms-field-checkbox\" data-field-id=\"10\"><label class=\"wpforms-field-label\" for=\"wpforms-126-field_10\">Jeg leser b\u00e5de F og G-n\u00f8kkel<\/label><ul id=\"wpforms-126-field_10\"><li class=\"choice-1 depth-1\"><input type=\"checkbox\" id=\"wpforms-126-field_10_1\" name=\"wpforms[fields][10][]\" value=\"Ja\"  ><label class=\"wpforms-field-label-inline\" for=\"wpforms-126-field_10_1\">Ja<\/label><\/li><li class=\"choice-2 depth-1\"><input type=\"checkbox\" id=\"wpforms-126-field_10_2\" name=\"wpforms[fields][10][]\" value=\"Bare F-N\u00f8kkel\"  ><label class=\"wpforms-field-label-inline\" for=\"wpforms-126-field_10_2\">Bare F-N\u00f8kkel<\/label><\/li><li class=\"choice-3 depth-1\"><input type=\"checkbox\" id=\"wpforms-126-field_10_3\" name=\"wpforms[fields][10][]\" value=\"Bare G-N\u00f8kkel\"  ><label class=\"wpforms-field-label-inline\" for=\"wpforms-126-field_10_3\">Bare G-N\u00f8kkel<\/label><\/li><\/ul><\/div><div id=\"wpforms-126-field_19-container\" class=\"wpforms-field wpforms-field-textarea\" data-field-id=\"19\"><label class=\"wpforms-field-label\" for=\"wpforms-126-field_19\">Eventuelle allergier?<\/label><textarea id=\"wpforms-126-field_19\" class=\"wpforms-field-medium\" name=\"wpforms[fields][19]\" ><\/textarea><\/div><div id=\"wpforms-126-field_1-container\" class=\"wpforms-field wpforms-field-name\" data-field-id=\"1\"><label class=\"wpforms-field-label\" for=\"wpforms-126-field_1\">Navn p\u00e5 Foresatt <span class=\"wpforms-required-label\">*<\/span><\/label><div class=\"wpforms-field-row wpforms-field-medium\"><div class=\"wpforms-field-row-block wpforms-first wpforms-one-half\"><input type=\"text\" id=\"wpforms-126-field_1\" class=\"wpforms-field-name-first wpforms-field-required\" name=\"wpforms[fields][1][first]\" required><label for=\"wpforms-126-field_1\" class=\"wpforms-field-sublabel after \">First<\/label><\/div><div class=\"wpforms-field-row-block wpforms-one-half\"><input type=\"text\" id=\"wpforms-126-field_1-last\" class=\"wpforms-field-name-last wpforms-field-required\" name=\"wpforms[fields][1][last]\" required><label for=\"wpforms-126-field_1-last\" class=\"wpforms-field-sublabel after \">Last<\/label><\/div><\/div><\/div><div id=\"wpforms-126-field_22-container\" class=\"wpforms-field wpforms-field-number\" data-field-id=\"22\"><label class=\"wpforms-field-label\" for=\"wpforms-126-field_22\">Telefonnummer foresatt <span class=\"wpforms-required-label\">*<\/span><\/label><input type=\"number\" pattern=\"\\d*\" id=\"wpforms-126-field_22\" class=\"wpforms-field-medium wpforms-field-required\" name=\"wpforms[fields][22]\" required><\/div><div id=\"wpforms-126-field_12-container\" class=\"wpforms-field wpforms-field-email\" data-field-id=\"12\"><label class=\"wpforms-field-label\" for=\"wpforms-126-field_12\">Mailadresse foresatt <span class=\"wpforms-required-label\">*<\/span><\/label><input type=\"email\" id=\"wpforms-126-field_12\" class=\"wpforms-field-medium wpforms-field-required\" name=\"wpforms[fields][12]\" required><\/div><div id=\"wpforms-126-field_18-container\" class=\"wpforms-field wpforms-field-textarea\" data-field-id=\"18\"><label class=\"wpforms-field-label\" for=\"wpforms-126-field_18\">Er det noe annet vi b\u00f8r vite?<\/label><textarea id=\"wpforms-126-field_18\" class=\"wpforms-field-medium\" name=\"wpforms[fields][18]\" ><\/textarea><\/div><div id=\"wpforms-126-field_13-container\" class=\"wpforms-field wpforms-field-checkbox\" data-field-id=\"13\"><label class=\"wpforms-field-label\" for=\"wpforms-126-field_13\">Og s\u00e5 de siste tingene <span class=\"wpforms-required-label\">*<\/span><\/label><ul id=\"wpforms-126-field_13\" class=\"wpforms-field-required\"><li class=\"choice-1 depth-1\"><input type=\"checkbox\" id=\"wpforms-126-field_13_1\" name=\"wpforms[fields][13][]\" value=\"Hasle Brass f\u00e5r ta vare p\u00e5 min kontaktinformasjon for \u00e5 informere meg om Hasle Ung Brass\" required ><label class=\"wpforms-field-label-inline\" for=\"wpforms-126-field_13_1\">Hasle Brass f\u00e5r ta vare p\u00e5 min kontaktinformasjon for \u00e5 informere meg om Hasle Ung Brass<\/label><\/li><\/ul><\/div><div id=\"wpforms-126-field_14-container\" class=\"wpforms-field wpforms-field-checkbox\" data-field-id=\"14\"><label class=\"wpforms-field-label\" for=\"wpforms-126-field_14\">Tillatelse fra foresatt <span class=\"wpforms-required-label\">*<\/span><\/label><ul id=\"wpforms-126-field_14\" class=\"wpforms-field-required\"><li class=\"choice-1 depth-1\"><input type=\"checkbox\" id=\"wpforms-126-field_14_1\" name=\"wpforms[fields][14][]\" value=\"Jeg har snakket med mine foresatte og f\u00e5r lov til \u00e5 melde meg p\u00e5 (om du er under 18)\" required ><label class=\"wpforms-field-label-inline\" for=\"wpforms-126-field_14_1\">Jeg har snakket med mine foresatte og f\u00e5r lov til \u00e5 melde meg p\u00e5 (om du er under 18)<\/label><\/li><li class=\"choice-2 depth-1\"><input type=\"checkbox\" id=\"wpforms-126-field_14_2\" name=\"wpforms[fields][14][]\" value=\"Jeg er 18 \u00e5r eller eldre\" required ><label class=\"wpforms-field-label-inline\" for=\"wpforms-126-field_14_2\">Jeg er 18 \u00e5r eller eldre<\/label><\/li><\/ul><\/div><div id=\"wpforms-126-field_26-container\" class=\"wpforms-field wpforms-field-checkbox\" data-field-id=\"26\"><label class=\"wpforms-field-label\" for=\"wpforms-126-field_26\">I l\u00f8pet av seminaret kan det bli tatt bilder for \u00e5 promotere Hasle Ung Brass, Hasle Brass og\/eller NMF.<\/label><ul id=\"wpforms-126-field_26\"><li class=\"choice-1 depth-1\"><input type=\"checkbox\" id=\"wpforms-126-field_26_1\" name=\"wpforms[fields][26][]\" value=\"Det gies samtykke til at p\u00e5meldte kan v\u00e6re med p\u00e5 bilder brukt p\u00e5 sosiale medier og andre kanaler for \u00e5 promotere seminaret \/ Hasle Brass \/ NMF.\"  ><label class=\"wpforms-field-label-inline\" for=\"wpforms-126-field_26_1\">Det gies samtykke til at p\u00e5meldte kan v\u00e6re med p\u00e5 bilder brukt p\u00e5 sosiale medier og andre kanaler for \u00e5 promotere seminaret \/ Hasle Brass \/ NMF.<\/label><\/li><\/ul><\/div><\/div><div class=\"wpforms-submit-container\"><input type=\"hidden\" name=\"wpforms[id]\" value=\"126\"><input type=\"hidden\" name=\"wpforms[author]\" value=\"2\"><button type=\"submit\" name=\"wpforms[submit]\" id=\"wpforms-submit-126\" class=\"wpforms-submit\" data-alt-text=\"Sending...\" data-submit-text=\"Meld meg p\u00e5!\" aria-live=\"assertive\" value=\"wpforms-submit\">Meld meg p\u00e5!<\/button><\/div><\/form><\/div>  <!-- .wpforms-container --><\/div><\/div>\n<\/div>\n<\/div>\n<\/div><\/div>\n<\/div>\n<\/div>\n<\/div>\n<\/div><\/div>\n","protected":false},"excerpt":{"rendered":"","protected":false},"author":2,"featured_media":0,"parent":0,"menu_order":0,"comment_status":"closed","ping_status":"closed","template":"","meta":{"footnotes":""},"class_list":["post-64","page","type-page","status-publish","hentry"],"_links":{"self":[{"href":"https:\/\/ung.haslebrass.no\/index.php?rest_route=\/wp\/v2\/pages\/64","targetHints":{"allow":["GET"]}}],"collection":[{"href":"https:\/\/ung.haslebrass.no\/index.php?rest_route=\/wp\/v2\/pages"}],"about":[{"href":"https:\/\/ung.haslebrass.no\/index.php?rest_route=\/wp\/v2\/types\/page"}],"author":[{"embeddable":true,"href":"https:\/\/ung.haslebrass.no\/index.php?rest_route=\/wp\/v2\/users\/2"}],"replies":[{"embeddable":true,"href":"https:\/\/ung.haslebrass.no\/index.php?rest_route=%2Fwp%2Fv2%2Fcomments&post=64"}],"version-history":[{"count":2,"href":"https:\/\/ung.haslebrass.no\/index.php?rest_route=\/wp\/v2\/pages\/64\/revisions"}],"predecessor-version":[{"id":217,"href":"https:\/\/ung.haslebrass.no\/index.php?rest_route=\/wp\/v2\/pages\/64\/revisions\/217"}],"wp:attachment":[{"href":"https:\/\/ung.haslebrass.no\/index.php?rest_route=%2Fwp%2Fv2%2Fmedia&parent=64"}],"curies":[{"name":"wp","href":"https:\/\/api.w.org\/{rel}","templated":true}]}}