{"id":81,"date":"2021-04-04T14:00:53","date_gmt":"2021-04-04T14:00:53","guid":{"rendered":"https:\/\/www.hasleung.no\/?page_id=81"},"modified":"2025-11-23T08:50:08","modified_gmt":"2025-11-23T08:50:08","slug":"praktisk","status":"publish","type":"page","link":"https:\/\/ung.haslebrass.no\/?page_id=81","title":{"rendered":"Praktisk"},"content":{"rendered":"\n<div class=\"wp-block-group\"><div class=\"wp-block-group__inner-container is-layout-constrained wp-block-group-is-layout-constrained\">\n<p>Hasle Ung Brass arrangeres helgen 21. &#8211; 23. November 2025 p\u00e5 Hasle Skole i Oslo, med oppstart 18:00 (oppm\u00f8te 17:45) p\u00e5 fredag. Seminaret avsluttes med festkonsert sammen med Hasle Brass p\u00e5 s\u00f8ndag.<\/p>\n\n\n\n<p>Tidspunkter:<\/p>\n\n\n\n<p>Fredag: 17:45 &#8211; 21:00<br>L\u00f8rdag: 10:00 &#8211; 16:00<br>S\u00f8ndag: 11:00 &#8211; 17:00<br>Konsert: S\u00f8ndag 15:30<\/p>\n\n\n\n<p>Deltageravgift: Gratis<\/p>\n\n\n\n<p>Seminaret er beregnet for de eldste skolekorpsmusikantene i Oslo (9. klasse og oppover). Dersom du ikke bor i Oslo men har lyst til \u00e5 v\u00e6re med er du hjertelig velkommen, men vi har dessverre ikke egne overnattingsmuligheter for deltagere.<\/p>\n\n\n\n<p>TIL FORELDRE\/FORESATTE:<br>Det vil v\u00e6re voksne tilstede under hele helgen. Dersom det skulle v\u00e6re noe, ta kontakt med Kjetil p\u00e5 telefon: 93815086 (helst SMS).<\/p>\n<\/div><\/div>\n\n\n\n<p><\/p>\n","protected":false},"excerpt":{"rendered":"<p>Hasle Ung Brass arrangeres helgen 21. &#8211; 23. November 2025 p\u00e5 Hasle Skole i Oslo, med oppstart 18:00 (oppm\u00f8te 17:45) p\u00e5 fredag. Seminaret avsluttes med festkonsert sammen med Hasle Brass p\u00e5 s\u00f8ndag. Tidspunkter: Fredag: 17:45 &#8211; 21:00L\u00f8rdag: 10:00 &#8211; 16:00S\u00f8ndag: 11:00 &#8211; 17:00Konsert: S\u00f8ndag 15:30 Deltageravgift: Gratis Seminaret er beregnet [&hellip;]<\/p>\n","protected":false},"author":2,"featured_media":0,"parent":0,"menu_order":0,"comment_status":"closed","ping_status":"closed","template":"","meta":{"footnotes":""},"class_list":["post-81","page","type-page","status-publish","hentry"],"_links":{"self":[{"href":"https:\/\/ung.haslebrass.no\/index.php?rest_route=\/wp\/v2\/pages\/81","targetHints":{"allow":["GET"]}}],"collection":[{"href":"https:\/\/ung.haslebrass.no\/index.php?rest_route=\/wp\/v2\/pages"}],"about":[{"href":"https:\/\/ung.haslebrass.no\/index.php?rest_route=\/wp\/v2\/types\/page"}],"author":[{"embeddable":true,"href":"https:\/\/ung.haslebrass.no\/index.php?rest_route=\/wp\/v2\/users\/2"}],"replies":[{"embeddable":true,"href":"https:\/\/ung.haslebrass.no\/index.php?rest_route=%2Fwp%2Fv2%2Fcomments&post=81"}],"version-history":[{"count":18,"href":"https:\/\/ung.haslebrass.no\/index.php?rest_route=\/wp\/v2\/pages\/81\/revisions"}],"predecessor-version":[{"id":257,"href":"https:\/\/ung.haslebrass.no\/index.php?rest_route=\/wp\/v2\/pages\/81\/revisions\/257"}],"wp:attachment":[{"href":"https:\/\/ung.haslebrass.no\/index.php?rest_route=%2Fwp%2Fv2%2Fmedia&parent=81"}],"curies":[{"name":"wp","href":"https:\/\/api.w.org\/{rel}","templated":true}]}}