{"id":90,"date":"2021-04-04T15:33:00","date_gmt":"2021-04-04T15:33:00","guid":{"rendered":"https:\/\/www.hasleung.no\/?page_id=90"},"modified":"2025-05-07T14:07:35","modified_gmt":"2025-05-07T14:07:35","slug":"program","status":"publish","type":"page","link":"https:\/\/ung.haslebrass.no\/?page_id=90","title":{"rendered":"Hasle Brass"},"content":{"rendered":"\n<p>Hasle Brass er et av f\u00e5 brassband i Oslo, og best\u00e5r av b\u00e5de amat\u00f8rer, profesjonelle musikere og musikkstudenter. Vi har tilh\u00f8righet i bydel Gr\u00fcnerl\u00f8kka, men rekrutterer medlemmer fra hele Oslo-omr\u00e5det, i alderen 16 &#8211; 55 \u00e5r. I l\u00f8pet av en normal sesong har vi et h\u00f8yt aktivitetsniv\u00e5, og deltar blant annet p\u00e5 NM (Bergen), Siddis Brass (Stavanger) og Oslo Brassfestival, samt holder en rekke sm\u00e5 og store konserter i Oslo-omr\u00e5det. Besetningsmessig er korpset et klassisk britisk brassband, utelukkende best\u00e5ende av messinginstrumenter og slagverk.<\/p>\n\n\n\n<figure class=\"wp-block-image size-large\"><img loading=\"lazy\" decoding=\"async\" width=\"1025\" height=\"683\" src=\"http:\/\/ung.haslebrass.no\/wp-content\/uploads\/2021\/04\/82679949_650967025675430_7266696001653344864_n-1.jpg\" alt=\"\" class=\"wp-image-123\" srcset=\"https:\/\/ung.haslebrass.no\/wp-content\/uploads\/2021\/04\/82679949_650967025675430_7266696001653344864_n-1.jpg 1025w, https:\/\/ung.haslebrass.no\/wp-content\/uploads\/2021\/04\/82679949_650967025675430_7266696001653344864_n-1-300x200.jpg 300w, https:\/\/ung.haslebrass.no\/wp-content\/uploads\/2021\/04\/82679949_650967025675430_7266696001653344864_n-1-768x512.jpg 768w, https:\/\/ung.haslebrass.no\/wp-content\/uploads\/2021\/04\/82679949_650967025675430_7266696001653344864_n-1-360x240.jpg 360w\" sizes=\"auto, (max-width: 1025px) 100vw, 1025px\" \/><figcaption class=\"wp-element-caption\">Hasle Brass, NM Brass Band, Bergen 2020<\/figcaption><\/figure>\n\n\n\n<p><a href=\"http:\/\/www.haslebrass.no\">T<\/a><a href=\"http:\/\/www.haslebrass.no\" target=\"_blank\" rel=\"noreferrer noopener\">a gjerne en titt p\u00e5 v\u00e5re ikke helt oppdaterte nettsider<\/a><\/p>\n","protected":false},"excerpt":{"rendered":"<p>Hasle Brass er et av f\u00e5 brassband i Oslo, og best\u00e5r av b\u00e5de amat\u00f8rer, profesjonelle musikere og musikkstudenter. Vi har tilh\u00f8righet i bydel Gr\u00fcnerl\u00f8kka, men rekrutterer medlemmer fra hele Oslo-omr\u00e5det, i alderen 16 &#8211; 55 \u00e5r. I l\u00f8pet av en normal sesong har vi et h\u00f8yt aktivitetsniv\u00e5, og deltar blant [&hellip;]<\/p>\n","protected":false},"author":2,"featured_media":0,"parent":0,"menu_order":0,"comment_status":"closed","ping_status":"closed","template":"","meta":{"footnotes":""},"class_list":["post-90","page","type-page","status-publish","hentry"],"_links":{"self":[{"href":"https:\/\/ung.haslebrass.no\/index.php?rest_route=\/wp\/v2\/pages\/90","targetHints":{"allow":["GET"]}}],"collection":[{"href":"https:\/\/ung.haslebrass.no\/index.php?rest_route=\/wp\/v2\/pages"}],"about":[{"href":"https:\/\/ung.haslebrass.no\/index.php?rest_route=\/wp\/v2\/types\/page"}],"author":[{"embeddable":true,"href":"https:\/\/ung.haslebrass.no\/index.php?rest_route=\/wp\/v2\/users\/2"}],"replies":[{"embeddable":true,"href":"https:\/\/ung.haslebrass.no\/index.php?rest_route=%2Fwp%2Fv2%2Fcomments&post=90"}],"version-history":[{"count":5,"href":"https:\/\/ung.haslebrass.no\/index.php?rest_route=\/wp\/v2\/pages\/90\/revisions"}],"predecessor-version":[{"id":233,"href":"https:\/\/ung.haslebrass.no\/index.php?rest_route=\/wp\/v2\/pages\/90\/revisions\/233"}],"wp:attachment":[{"href":"https:\/\/ung.haslebrass.no\/index.php?rest_route=%2Fwp%2Fv2%2Fmedia&parent=90"}],"curies":[{"name":"wp","href":"https:\/\/api.w.org\/{rel}","templated":true}]}}